{"id":16571,"date":"2015-04-15T10:50:37","date_gmt":"2015-04-15T10:50:37","guid":{"rendered":"http:\/\/agrocitrus.com\/home-7\/"},"modified":"2018-10-02T17:15:38","modified_gmt":"2018-10-02T17:15:38","slug":"home-7","status":"publish","type":"page","link":"https:\/\/agrocitrus.com\/es\/","title":{"rendered":"HOME AGROCITRUS"},"content":{"rendered":"<p>[vc_row css_animation=\u00bb\u00bb row_type=\u00bbrow\u00bb use_row_as_full_screen_section=\u00bbno\u00bb type=\u00bbfull_width\u00bb angled_section=\u00bbno\u00bb text_align=\u00bbleft\u00bb background_image_as_pattern=\u00bbwithout_pattern\u00bb][vc_column][vc_separator type=\u00bbnormal\u00bb up=\u00bb0&#8243;][\/vc_column][\/vc_row][vc_row css_animation=\u00bbelement_from_fade\u00bb row_type=\u00bbrow\u00bb use_row_as_full_screen_section=\u00bbno\u00bb type=\u00bbfull_width\u00bb angled_section=\u00bbno\u00bb text_align=\u00bbleft\u00bb background_image_as_pattern=\u00bbwithout_pattern\u00bb background_color=\u00bb#ffffff\u00bb transition_delay=\u00bb0.3&#8243;][vc_column][vc_row_inner row_type=\u00bbrow\u00bb type=\u00bbgrid\u00bb text_align=\u00bbleft\u00bb padding_top=\u00bb90&#8243; padding_bottom=\u00bb55&#8243; css_animation=\u00bb\u00bb][vc_column_inner width=\u00bb1\/3&#8243;]<div class='q_icon_with_title medium custom_icon_image left_from_title '><div class=\"icon_text_holder\" style=\"\"><div class=\"icon_text_inner\" style=\"\"><div class=\"icon_title_holder\"><div class=\"icon_holder \" style=\" \"><img itemprop=\"image\" style=\"\" src=\"https:\/\/agrocitrus.com\/wp-content\/uploads\/2015\/04\/32144189_xxl-e1517320964720.jpg\" alt=\"\"><\/div><h3 class=\"icon_title\" style=\"color: #393939;\">NUESTRO MEJOR Y JUGOSO C\u00cdTRICO MEDITERR\u00c1NEO <\/h3><\/div><p style=''><\/p><\/div><\/div><\/div>[vc_separator type=\u00bbtransparent\u00bb up=\u00bb-27&#8243; down=\u00bb0&#8243;][vc_column_text]Estamos orgullosos de ofrecerle nuestra exquisita producci\u00f3n local de c\u00edtrico localizada en Murcia y Alicante.[\/vc_column_text][vc_separator type=\u00bbtransparent\u00bb up=\u00bb20&#8243; down=\u00bb0&#8243;]<a  itemprop=\"url\" href=\"\/citrus\/\" target=\"_blank\" data-hover-background-color=#4b485b data-hover-border-color=#4b485b data-hover-color=#ffffff class=\"qbutton  small center default\" style=\"color: #000000; border-color: #108e00; font-style: normal; background-color: #ffffff;\">Leer mas <\/a>[vc_separator type=\u00bbtransparent\u00bb up=\u00bb30&#8243; down=\u00bb0&#8243;][\/vc_column_inner][vc_column_inner width=\u00bb1\/3&#8243;]<div class='q_icon_with_title medium custom_icon_image left_from_title '><div class=\"icon_text_holder\" style=\"\"><div class=\"icon_text_inner\" style=\"\"><div class=\"icon_title_holder\"><div class=\"icon_holder \" style=\" \"><img itemprop=\"image\" style=\"\" src=\"https:\/\/agrocitrus.com\/wp-content\/uploads\/2018\/01\/44907829_xl-e1517321373197.jpg\" alt=\"\"><\/div><h3 class=\"icon_title\" style=\"color: #393939;\">NUESTRA EXCELENTE FRUTA DE HUESO MEDITERRANEA<\/h3><\/div><p style=''><\/p><\/div><\/div><\/div>[vc_separator type=\u00bbtransparent\u00bb up=\u00bb-27&#8243; down=\u00bb0&#8243;][vc_column_text]Desde el coraz\u00f3n de Murcia y Extremadura, haciendo a nuestros clientes siempre regresar en cada campa\u00f1a .[\/vc_column_text][vc_separator type=\u00bbtransparent\u00bb up=\u00bb20&#8243; down=\u00bb0&#8243;]<a  itemprop=\"url\" href=\"\/stone-fruit\/\" target=\"_blank\" data-hover-background-color=#4b485b data-hover-border-color=#4b485b data-hover-color=#ffffff class=\"qbutton  small center default\" style=\"color: #000000; border-color: #108e00; font-style: normal; background-color: #ffffff;\">Leer mas <\/a>[vc_separator type=\u00bbtransparent\u00bb up=\u00bb30&#8243; down=\u00bb0&#8243;][\/vc_column_inner][vc_column_inner width=\u00bb1\/3&#8243;]<div class='q_icon_with_title medium custom_icon_image left_from_title '><div class=\"icon_text_holder\" style=\"\"><div class=\"icon_text_inner\" style=\"\"><div class=\"icon_title_holder\"><div class=\"icon_holder \" style=\" \"><img itemprop=\"image\" style=\"\" src=\"https:\/\/agrocitrus.com\/wp-content\/uploads\/2015\/04\/44503222_xxl-e1517321809832.jpg\" alt=\"\"><\/div><h3 class=\"icon_title\" style=\"color: #393939;\">NUESTRA EXQUISITA FRUTA TROPICAL <\/h3><\/div><p style=''><\/p><\/div><\/div><\/div>[vc_separator type=\u00bbtransparent\u00bb up=\u00bb-27&#8243; down=\u00bb0&#8243;][vc_column_text]Nuestros programas le permiten disfrutar de un suministro fiable y continuo desde la costa c\u00e1lida de Granada .[\/vc_column_text][vc_separator type=\u00bbtransparent\u00bb up=\u00bb20&#8243; down=\u00bb0&#8243;]<a  itemprop=\"url\" href=\"\/tropical-fruit\/\" target=\"_blank\" data-hover-background-color=#4b485b data-hover-border-color=#4b485b data-hover-color=#ffffff class=\"qbutton  small center default\" style=\"color: #000000; border-color: #108e00; font-style: normal; background-color: #ffffff;\">Leer mas <\/a>[vc_separator type=\u00bbtransparent\u00bb up=\u00bb30&#8243; down=\u00bb0&#8243;][\/vc_column_inner][\/vc_row_inner][\/vc_column][\/vc_row][vc_row css_animation=\u00bb\u00bb row_type=\u00bbrow\u00bb use_row_as_full_screen_section=\u00bbno\u00bb type=\u00bbfull_width\u00bb angled_section=\u00bbno\u00bb text_align=\u00bbcenter\u00bb background_image_as_pattern=\u00bbwithout_pattern\u00bb background_color=\u00bb#f8f8f8&#8243;][vc_column][\/vc_column][\/vc_row][vc_row css_animation=\u00bb\u00bb row_type=\u00bbrow\u00bb use_row_as_full_screen_section=\u00bbno\u00bb type=\u00bbfull_width\u00bb angled_section=\u00bbno\u00bb text_align=\u00bbleft\u00bb background_image=\u00bb16001&#8243; background_image_as_pattern=\u00bbwithout_pattern\u00bb background_color=\u00bb#ffffff\u00bb][vc_column][vc_separator type=\u00bbtransparent\u00bb up=\u00bb30&#8243; down=\u00bb0&#8243;][vc_column_text]<\/p>\n<h2 style=\"text-align: center;\">\u00a0COMERCIANDO PRODUCTOS FRESCOS A NIVEL MUNDIAL<\/h2>\n<h2 style=\"text-align: center;\">EN CUALQUIER LUGAR CON NUESTRAS MARCAS<\/h2>\n<p>[\/vc_column_text][vc_row_inner row_type=\u00bbrow\u00bb type=\u00bbgrid\u00bb text_align=\u00bbleft\u00bb padding_top=\u00bb40&#8243; padding_bottom=\u00bb15&#8243; css_animation=\u00bb\u00bb][vc_column_inner width=\u00bb1\/2&#8243;][vc_separator type=\u00bbtransparent\u00bb up=\u00bb45&#8243; down=\u00bb0&#8243;][vc_single_image image=\u00bb15914&#8243; img_size=\u00bbfull\u00bb qode_css_animation=\u00bb\u00bb][vc_separator type=\u00bbtransparent\u00bb up=\u00bb30&#8243; down=\u00bb0&#8243;][\/vc_column_inner][vc_column_inner width=\u00bb1\/2&#8243;][vc_separator type=\u00bbtransparent\u00bb up=\u00bb30&#8243; down=\u00bb0&#8243;][vc_separator type=\u00bbtransparent\u00bb up=\u00bb30&#8243; down=\u00bb0&#8243;][qode_clients columns=\u00bbtwo_columns\u00bb hover_effect=\u00bbdefault\u00bb disable_separators=\u00bb\u00bb][qode_client link_target=\u00bb_self\u00bb image=\u00bb15723&#8243; link=\u00bb#\u00bb][qode_client link_target=\u00bb_self\u00bb image=\u00bb15723&#8243; link=\u00bb#\u00bb][\/qode_clients][qode_clients columns=\u00bbtwo_columns\u00bb hover_effect=\u00bbdefault\u00bb disable_separators=\u00bb\u00bb][qode_client link_target=\u00bb_self\u00bb image=\u00bb15548&#8243; link=\u00bb#\u00bb][qode_client link_target=\u00bb_self\u00bb image=\u00bb15548&#8243; link=\u00bb#\u00bb][\/qode_clients][\/vc_column_inner][\/vc_row_inner][vc_row_inner row_type=\u00bbrow\u00bb type=\u00bbgrid\u00bb text_align=\u00bbleft\u00bb padding_top=\u00bb50&#8243; padding_bottom=\u00bb30&#8243; css_animation=\u00bb\u00bb][vc_column_inner width=\u00bb1\/2&#8243;][vc_separator type=\u00bbtransparent\u00bb up=\u00bb60&#8243; down=\u00bb0&#8243;][qode_clients columns=\u00bbtwo_columns\u00bb hover_effect=\u00bbdefault\u00bb disable_separators=\u00bb\u00bb][qode_client link_target=\u00bb_self\u00bb image=\u00bb15890&#8243; link=\u00bb#\u00bb][qode_client link_target=\u00bb_self\u00bb image=\u00bb15893&#8243; link=\u00bb#\u00bb][qode_client link_target=\u00bb_self\u00bb image=\u00bb15900&#8243; link=\u00bb#\u00bb][qode_client link_target=\u00bb_self\u00bb image=\u00bb15952&#8243; link=\u00bb#\u00bb][\/qode_clients][vc_separator type=\u00bbtransparent\u00bb up=\u00bb20&#8243; down=\u00bb0&#8243;][\/vc_column_inner][vc_column_inner width=\u00bb1\/2&#8243;][vc_separator type=\u00bbtransparent\u00bb up=\u00bb60&#8243; down=\u00bb0&#8243;][vc_column_text]NUESTRAS MAS EXIGENTES CERTIFICACIONES DE CALIDAD[\/vc_column_text][vc_separator type=\u00bbtransparent\u00bb up=\u00bb20&#8243; down=\u00bb0&#8243;]<div class='q_list circle'><\/p>\n<ul>\n<li>Las mas rigurosas certificaciones de calidad a su disposici\u00f3n.<\/li>\n<li>Procesamos cada pieza de fruta con un cuidado y esmero desmedido.<\/li>\n<li>Utilizando nuestros controles de calidad internos mejoramos nuestro producto<\/li>\n<li>Espiritu de superaci\u00f3n con el prop\u00f3sito de mejorar cada a\u00f1o nuestra calidad<\/li>\n<\/ul>\n<p><\/div>[vc_separator type=\u00bbtransparent\u00bb up=\u00bb20&#8243; down=\u00bb0&#8243;][\/vc_column_inner][\/vc_row_inner][\/vc_column][\/vc_row][vc_row row_type=\u00bbparallax\u00bb parallax_content_width=\u00bbin_grid\u00bb text_align=\u00bbleft\u00bb background_image=\u00bb15962&#8243; full_screen_section_height=\u00bbno\u00bb section_height=\u00bb345&#8243;][vc_column][vc_row_inner row_type=\u00bbrow\u00bb type=\u00bbgrid\u00bb text_align=\u00bbleft\u00bb padding_top=\u00bb110&#8243; padding_bottom=\u00bb90&#8243; css_animation=\u00bb\u00bb][vc_column_inner]<div class=\"custom_font_holder\" style=\"font-family: Montserrat; font-size: 35px; line-height: 50px; font-style: normal; font-weight: 400; color: #ffffff; text-decoration: none;border: 0px solid; text-align: left;\">Estamos deseando escuchar todos sus comentarios y necesidades !<\/div>[vc_separator type=\u00bbtransparent\u00bb up=\u00bb5&#8243; down=\u00bb0&#8243;]<div class=\"custom_font_holder\" style=\"font-family: Montserrat; font-size: 20px; line-height: 26px; font-style: normal; font-weight: 400; color: #ffffff; text-decoration: none;border: 0px solid; text-align: left;\">Descubramos juntos , la mejor soluci\u00f3n hecha a su medida , atendiendo a sus necesidades y las mejores condiciones relaci\u00f3n calidad &#8211; precio del mercado !<\/div>[vc_separator type=\u00bbtransparent\u00bb up=\u00bb28&#8243; down=\u00bb0&#8243;]<a  itemprop=\"url\" href=\"contacto\" target=\"_self\"  class=\"qbutton  small default\" style=\"color: #ffffff; border-color: #ffffff; margin: 0px 8px 10px 0px; \">Contacto<i class=\"qode_icon_font_awesome fa fa-angle-right qode_button_icon_element\" style=\"color: #ffffff;\" ><\/i><\/a>[vc_separator type=\u00bbtransparent\u00bb up=\u00bb20&#8243; down=\u00bb0&#8243;][\/vc_column_inner][\/vc_row_inner][\/vc_column][\/vc_row]<\/p>\n","protected":false},"excerpt":{"rendered":"<p>[vc_row css_animation=\u00bb\u00bb row_type=\u00bbrow\u00bb use_row_as_full_screen_section=\u00bbno\u00bb type=\u00bbfull_width\u00bb angled_section=\u00bbno\u00bb text_align=\u00bbleft\u00bb background_image_as_pattern=\u00bbwithout_pattern\u00bb][vc_column][vc_separator type=\u00bbnormal\u00bb up=\u00bb0&#8243;][\/vc_column][\/vc_row][vc_row css_animation=\u00bbelement_from_fade\u00bb row_type=\u00bbrow\u00bb use_row_as_full_screen_section=\u00bbno\u00bb type=\u00bbfull_width\u00bb angled_section=\u00bbno\u00bb text_align=\u00bbleft\u00bb background_image_as_pattern=\u00bbwithout_pattern\u00bb background_color=\u00bb#ffffff\u00bb transition_delay=\u00bb0.3&#8243;][vc_column][vc_row_inner row_type=\u00bbrow\u00bb type=\u00bbgrid\u00bb text_align=\u00bbleft\u00bb padding_top=\u00bb90&#8243; padding_bottom=\u00bb55&#8243; css_animation=\u00bb\u00bb][vc_column_inner width=\u00bb1\/3&#8243;][vc_separator type=\u00bbtransparent\u00bb up=\u00bb-27&#8243; down=\u00bb0&#8243;][vc_column_text]Estamos orgullosos de ofrecerle nuestra exquisita producci\u00f3n local de c\u00edtrico localizada en Murcia y Alicante.[\/vc_column_text][vc_separator type=\u00bbtransparent\u00bb up=\u00bb20&#8243;&#8230;<\/p>\n","protected":false},"author":3,"featured_media":0,"parent":0,"menu_order":0,"comment_status":"open","ping_status":"open","template":"full_width.php","meta":{"footnotes":""},"_links":{"self":[{"href":"https:\/\/agrocitrus.com\/es\/wp-json\/wp\/v2\/pages\/16571"}],"collection":[{"href":"https:\/\/agrocitrus.com\/es\/wp-json\/wp\/v2\/pages"}],"about":[{"href":"https:\/\/agrocitrus.com\/es\/wp-json\/wp\/v2\/types\/page"}],"author":[{"embeddable":true,"href":"https:\/\/agrocitrus.com\/es\/wp-json\/wp\/v2\/users\/3"}],"replies":[{"embeddable":true,"href":"https:\/\/agrocitrus.com\/es\/wp-json\/wp\/v2\/comments?post=16571"}],"version-history":[{"count":0,"href":"https:\/\/agrocitrus.com\/es\/wp-json\/wp\/v2\/pages\/16571\/revisions"}],"wp:attachment":[{"href":"https:\/\/agrocitrus.com\/es\/wp-json\/wp\/v2\/media?parent=16571"}],"curies":[{"name":"wp","href":"https:\/\/api.w.org\/{rel}","templated":true}]}}